{"id":3841,"date":"2026-02-05T13:45:29","date_gmt":"2026-02-05T13:45:29","guid":{"rendered":"https:\/\/wpblogs.ai\/nuevo-afiliado\/"},"modified":"2026-02-06T16:36:30","modified_gmt":"2026-02-06T16:36:30","slug":"nuevo-afiliado","status":"publish","type":"page","link":"https:\/\/wpblogs.ai\/es\/nuevo-afiliado\/","title":{"rendered":"Form afiliado"},"content":{"rendered":"  <h2>Convi\u00e9rtete en afiliado<\/h2>\n\n  <form method=\"post\" id=\"baa-create-affiliate-form\">\n\n    <input type=\"hidden\" id=\"baa_nonce\" name=\"baa_nonce\" value=\"677457ffea\" \/><input type=\"hidden\" name=\"_wp_http_referer\" value=\"\/es\/wp-json\/wp\/v2\/pages\/3841\" \/>\n    <h3>Cuenta<\/h3>\n    <input type=\"email\" name=\"email\" placeholder=\"Email\" required \/>\n    <input type=\"password\" name=\"password\" placeholder=\"Password\" required \/>\n\n    <h3>Datos personales<\/h3>\n  <input type=\"text\" name=\"company\" placeholder=\"Empresa\" \/>\n  <input type=\"text\" name=\"first_name\" placeholder=\"Nombre\" required \/>\n  <input type=\"text\" name=\"last_name\" placeholder=\"Apellido\" required \/>\n  <input type=\"text\" name=\"address\" placeholder=\"Direcci\u00f3n\" \/>\n  <input type=\"text\" name=\"postcode\" placeholder=\"C\u00f3digo postal\" \/>\n  <input type=\"text\" name=\"city\" placeholder=\"Ciudad\" \/>\n\n\n\n  \n  <h3>Detalles de promoci\u00f3n<\/h3>\n\n  <p>\n    <label>Country<\/label><br>\n    <select name=\"country\" required style=\"width:100%\">\n              <option value=\"AF\">\n          Afganist\u00e1n        <\/option>\n              <option value=\"AL\">\n          Albania        <\/option>\n              <option value=\"DE\">\n          Alemania        <\/option>\n              <option value=\"AD\">\n          Andorra        <\/option>\n              <option value=\"AO\">\n          Angola        <\/option>\n              <option value=\"AI\">\n          Anguila        <\/option>\n              <option value=\"AQ\">\n          Ant\u00e1rtida        <\/option>\n              <option value=\"AG\">\n          Antigua y Barbuda        <\/option>\n              <option value=\"SA\">\n          Arabia Saudita        <\/option>\n              <option value=\"DZ\">\n          Argelia        <\/option>\n              <option value=\"AR\">\n          Argentina        <\/option>\n              <option value=\"AM\">\n          Armenia        <\/option>\n              <option value=\"AW\">\n          Aruba        <\/option>\n              <option value=\"AU\">\n          Australia        <\/option>\n              <option value=\"AT\">\n          Austria        <\/option>\n              <option value=\"AZ\">\n          Azerbaijan        <\/option>\n              <option value=\"BS\">\n          Bahamas        <\/option>\n              <option value=\"BH\">\n          Bahrain        <\/option>\n              <option value=\"BD\">\n          Bangladesh        <\/option>\n              <option value=\"BB\">\n          Barbados        <\/option>\n              <option value=\"PW\">\n          Belau        <\/option>\n              <option value=\"BE\">\n          B\u00e9lgica        <\/option>\n              <option value=\"BZ\">\n          Belize        <\/option>\n              <option value=\"BJ\">\n          Benin        <\/option>\n              <option value=\"BM\">\n          Bermuda        <\/option>\n              <option value=\"BT\">\n          Bhutan        <\/option>\n              <option value=\"BY\">\n          Bielorrusia        <\/option>\n              <option value=\"MM\">\n          Birmania        <\/option>\n              <option value=\"BO\">\n          Bolivia        <\/option>\n              <option value=\"BQ\">\n          Bonaire, San Eustaquio y Saba        <\/option>\n              <option value=\"BA\">\n          Bosnia y Herzegovina        <\/option>\n              <option value=\"BW\">\n          Botswana        <\/option>\n              <option value=\"BR\">\n          Brasil        <\/option>\n              <option value=\"BN\">\n          Brun\u00e9i        <\/option>\n              <option value=\"BG\">\n          Bulgaria        <\/option>\n              <option value=\"BF\">\n          Burkina Faso        <\/option>\n              <option value=\"BI\">\n          Burundi        <\/option>\n              <option value=\"CV\">\n          Cabo Verde        <\/option>\n              <option value=\"KH\">\n          Camboya        <\/option>\n              <option value=\"CM\">\n          Camer\u00fan        <\/option>\n              <option value=\"CA\">\n          Canad\u00e1        <\/option>\n              <option value=\"TD\">\n          Chad        <\/option>\n              <option value=\"CL\">\n          Chile        <\/option>\n              <option value=\"CN\">\n          China        <\/option>\n              <option value=\"CY\">\n          Chipre        <\/option>\n              <option value=\"VA\">\n          Ciudad del Vaticano        <\/option>\n              <option value=\"CO\">\n          Colombia        <\/option>\n              <option value=\"KM\">\n          Comoras        <\/option>\n              <option value=\"CG\">\n          Congo (Brazzaville)        <\/option>\n              <option value=\"CD\">\n          Congo (Kinshasa)        <\/option>\n              <option value=\"KP\">\n          Corea del Norte        <\/option>\n              <option value=\"KR\">\n          Corea del Sur        <\/option>\n              <option value=\"CI\">\n          Costa de Marfil        <\/option>\n              <option value=\"CR\">\n          Costa Rica        <\/option>\n              <option value=\"HR\">\n          Croacia        <\/option>\n              <option value=\"CU\">\n          Cuba        <\/option>\n              <option value=\"CW\">\n          Cura&ccedil;ao        <\/option>\n              <option value=\"DK\">\n          Dinamarca        <\/option>\n              <option value=\"DJ\">\n          Djibouti        <\/option>\n              <option value=\"DM\">\n          Dominica        <\/option>\n              <option value=\"EC\">\n          Ecuador        <\/option>\n              <option value=\"EG\">\n          Egipto        <\/option>\n              <option value=\"SV\">\n          El Salvador        <\/option>\n              <option value=\"AE\">\n          Emiratos \u00c1rabes Unidos        <\/option>\n              <option value=\"ER\">\n          Eritrea        <\/option>\n              <option value=\"SK\">\n          Eslovaquia        <\/option>\n              <option value=\"SI\">\n          Eslovenia        <\/option>\n              <option value=\"ES\">\n          Espa\u00f1a        <\/option>\n              <option value=\"US\">\n          Estados Unidos (EEUU)        <\/option>\n              <option value=\"EE\">\n          Estonia        <\/option>\n              <option value=\"SZ\">\n          Esuatini        <\/option>\n              <option value=\"ET\">\n          Etiop\u00eda        <\/option>\n              <option value=\"PH\">\n          Filipinas        <\/option>\n              <option value=\"FI\">\n          Finlandia        <\/option>\n              <option value=\"FJ\">\n          Fiyi        <\/option>\n              <option value=\"FR\">\n          Francia        <\/option>\n              <option value=\"GA\">\n          Gab\u00f3n        <\/option>\n              <option value=\"GM\">\n          Gambia        <\/option>\n              <option value=\"GE\">\n          Georgia        <\/option>\n              <option value=\"GH\">\n          Ghana        <\/option>\n              <option value=\"GI\">\n          Gibraltar        <\/option>\n              <option value=\"GD\">\n          Granada        <\/option>\n              <option value=\"GR\">\n          Grecia        <\/option>\n              <option value=\"GL\">\n          Groenlandia        <\/option>\n              <option value=\"GP\">\n          Guadalupe        <\/option>\n              <option value=\"GU\">\n          Guam        <\/option>\n              <option value=\"GT\">\n          Guatemala        <\/option>\n              <option value=\"GF\">\n          Guayana Francesa        <\/option>\n              <option value=\"GG\">\n          Guernsey        <\/option>\n              <option value=\"GN\">\n          Guinea        <\/option>\n              <option value=\"GQ\">\n          Guinea Ecuatorial        <\/option>\n              <option value=\"GW\">\n          Guinea-Bis\u00e1u        <\/option>\n              <option value=\"GY\">\n          Guyana        <\/option>\n              <option value=\"HT\">\n          Hait\u00ed        <\/option>\n              <option value=\"HN\">\n          Honduras        <\/option>\n              <option value=\"HK\">\n          Hong Kong        <\/option>\n              <option value=\"HU\">\n          Hungr\u00eda        <\/option>\n              <option value=\"IN\">\n          India        <\/option>\n              <option value=\"ID\">\n          Indonesia        <\/option>\n              <option value=\"IQ\">\n          Irak        <\/option>\n              <option value=\"IR\">\n          Ir\u00e1n        <\/option>\n              <option value=\"IE\">\n          Irlanda        <\/option>\n              <option value=\"BV\">\n          Isla Bouvet        <\/option>\n              <option value=\"IM\">\n          Isla de Man        <\/option>\n              <option value=\"CX\">\n          Isla de Navidad        <\/option>\n              <option value=\"NF\">\n          Isla Norfolk        <\/option>\n              <option value=\"SH\">\n          Isla Santa Elena        <\/option>\n              <option value=\"IS\">\n          Islandia        <\/option>\n              <option value=\"AX\">\n          Islas \u00c5land        <\/option>\n              <option value=\"KY\">\n          Islas Caim\u00e1n        <\/option>\n              <option value=\"CC\">\n          Islas Cocos        <\/option>\n              <option value=\"CK\">\n          Islas Cook        <\/option>\n              <option value=\"UM\">\n          Islas de ultramar menores de Estados Unidos (EEUU)        <\/option>\n              <option value=\"FO\">\n          Islas Feroe        <\/option>\n              <option value=\"GS\">\n          Islas Georgias y Sandwich del Sur        <\/option>\n              <option value=\"HM\">\n          Islas Heard y McDonald        <\/option>\n              <option value=\"FK\">\n          Islas Malvinas        <\/option>\n              <option value=\"MP\">\n          Islas Marianas del Norte        <\/option>\n              <option value=\"MH\">\n          Islas Marshall        <\/option>\n              <option value=\"SB\">\n          Islas Salom\u00f3n        <\/option>\n              <option value=\"TC\">\n          Islas Turcas y Caicos        <\/option>\n              <option value=\"VG\">\n          Islas V\u00edrgenes (Brit\u00e1nicas)        <\/option>\n              <option value=\"VI\">\n          Islas V\u00edrgenes (EEUU)        <\/option>\n              <option value=\"IL\">\n          Israel        <\/option>\n              <option value=\"IT\">\n          Italia        <\/option>\n              <option value=\"JM\">\n          Jamaica        <\/option>\n              <option value=\"JP\">\n          Jap\u00f3n        <\/option>\n              <option value=\"JE\">\n          Jersey        <\/option>\n              <option value=\"JO\">\n          Jordania        <\/option>\n              <option value=\"KZ\">\n          Kazajist\u00e1n        <\/option>\n              <option value=\"KE\">\n          Kenia        <\/option>\n              <option value=\"KG\">\n          Kirguist\u00e1n        <\/option>\n              <option value=\"KI\">\n          Kiribati        <\/option>\n              <option value=\"XK\">\n          Kosovo        <\/option>\n              <option value=\"KW\">\n          Kuwait        <\/option>\n              <option value=\"LA\">\n          Laos        <\/option>\n              <option value=\"LS\">\n          Lesoto        <\/option>\n              <option value=\"LV\">\n          Letonia        <\/option>\n              <option value=\"LB\">\n          L\u00edbano        <\/option>\n              <option value=\"LR\">\n          Liberia        <\/option>\n              <option value=\"LY\">\n          Libia        <\/option>\n              <option value=\"LI\">\n          Liechtenstein        <\/option>\n              <option value=\"LT\">\n          Lituania        <\/option>\n              <option value=\"LU\">\n          Luxemburgo        <\/option>\n              <option value=\"MO\">\n          Macao        <\/option>\n              <option value=\"MK\">\n          Macedonia del Norte        <\/option>\n              <option value=\"MG\">\n          Madagascar        <\/option>\n              <option value=\"MY\">\n          Malasia        <\/option>\n              <option value=\"MW\">\n          Malaui        <\/option>\n              <option value=\"MV\">\n          Maldivas        <\/option>\n              <option value=\"ML\">\n          Mal\u00ed        <\/option>\n              <option value=\"MT\">\n          Malta        <\/option>\n              <option value=\"MA\">\n          Marruecos        <\/option>\n              <option value=\"MQ\">\n          Martinica        <\/option>\n              <option value=\"MU\">\n          Mauricio        <\/option>\n              <option value=\"MR\">\n          Mauritania        <\/option>\n              <option value=\"YT\">\n          Mayotte        <\/option>\n              <option value=\"MX\">\n          M\u00e9xico        <\/option>\n              <option value=\"FM\">\n          Micronesia        <\/option>\n              <option value=\"MD\">\n          Moldavia        <\/option>\n              <option value=\"MC\">\n          M\u00f3naco        <\/option>\n              <option value=\"MN\">\n          Mongolia        <\/option>\n              <option value=\"ME\">\n          Montenegro        <\/option>\n              <option value=\"MS\">\n          Montserrat        <\/option>\n              <option value=\"MZ\">\n          Mozambique        <\/option>\n              <option value=\"NA\">\n          Namibia        <\/option>\n              <option value=\"NR\">\n          Nauru        <\/option>\n              <option value=\"NP\">\n          Nepal        <\/option>\n              <option value=\"NI\">\n          Nicaragua        <\/option>\n              <option value=\"NE\">\n          N\u00edger        <\/option>\n              <option value=\"NG\">\n          Nigeria        <\/option>\n              <option value=\"NU\">\n          Niue        <\/option>\n              <option value=\"NO\">\n          Noruega        <\/option>\n              <option value=\"NC\">\n          Nueva Caledonia        <\/option>\n              <option value=\"NZ\">\n          Nueva Zelanda        <\/option>\n              <option value=\"OM\">\n          Om\u00e1n        <\/option>\n              <option value=\"NL\">\n          Pa\u00edses Bajos        <\/option>\n              <option value=\"PK\">\n          Pakist\u00e1n        <\/option>\n              <option value=\"PA\">\n          Panam\u00e1        <\/option>\n              <option value=\"PG\">\n          Pap\u00faa Nueva Guinea        <\/option>\n              <option value=\"PY\">\n          Paraguay        <\/option>\n              <option value=\"PE\">\n          Per\u00fa        <\/option>\n              <option value=\"PN\">\n          Pitcairn        <\/option>\n              <option value=\"PF\">\n          Polinesia Francesa        <\/option>\n              <option value=\"PL\">\n          Polonia        <\/option>\n              <option value=\"PT\">\n          Portugal        <\/option>\n              <option value=\"PR\">\n          Puerto Rico        <\/option>\n              <option value=\"QA\">\n          Qatar        <\/option>\n              <option value=\"GB\">\n          Reino Unido (UK)        <\/option>\n              <option value=\"CF\">\n          Rep\u00fablica Centroafricana        <\/option>\n              <option value=\"CZ\">\n          Rep\u00fablica Checa        <\/option>\n              <option value=\"DO\">\n          Rep\u00fablica Dominicana        <\/option>\n              <option value=\"RE\">\n          Reuni\u00f3n        <\/option>\n              <option value=\"RW\">\n          Ruanda        <\/option>\n              <option value=\"RO\">\n          Rumania        <\/option>\n              <option value=\"RU\">\n          Rusia        <\/option>\n              <option value=\"EH\">\n          Sahara Occidental        <\/option>\n              <option value=\"WS\">\n          Samoa        <\/option>\n              <option value=\"AS\">\n          Samoa Americana        <\/option>\n              <option value=\"BL\">\n          San Bartolom\u00e9        <\/option>\n              <option value=\"KN\">\n          San Crist\u00f3bal y Nieves        <\/option>\n              <option value=\"SM\">\n          San Marino        <\/option>\n              <option value=\"SX\">\n          San Mart\u00edn (Pa\u00edses Bajos)        <\/option>\n              <option value=\"MF\">\n          San Mart\u00edn (parte de Francia)        <\/option>\n              <option value=\"PM\">\n          San Pedro y Miquel\u00f3n        <\/option>\n              <option value=\"VC\">\n          San Vicente y las Granadinas        <\/option>\n              <option value=\"LC\">\n          Santa Luc\u00eda        <\/option>\n              <option value=\"ST\">\n          Santo Tom\u00e9 y Pr\u00edncipe        <\/option>\n              <option value=\"SN\">\n          Senegal        <\/option>\n              <option value=\"RS\">\n          Serbia        <\/option>\n              <option value=\"SC\">\n          Seychelles        <\/option>\n              <option value=\"SL\">\n          Sierra Leona        <\/option>\n              <option value=\"SG\">\n          Singapur        <\/option>\n              <option value=\"SY\">\n          Siria        <\/option>\n              <option value=\"SO\">\n          Somalia        <\/option>\n              <option value=\"LK\">\n          Sri Lanka        <\/option>\n              <option value=\"ZA\">\n          Sud\u00e1frica        <\/option>\n              <option value=\"SD\">\n          Sud\u00e1n        <\/option>\n              <option value=\"SS\">\n          Sud\u00e1n del Sur        <\/option>\n              <option value=\"SE\">\n          Suecia        <\/option>\n              <option value=\"CH\">\n          Suiza        <\/option>\n              <option value=\"SR\">\n          Surinam        <\/option>\n              <option value=\"SJ\">\n          Svalbard y Jan Mayen        <\/option>\n              <option value=\"TH\">\n          Tailandia        <\/option>\n              <option value=\"TW\">\n          Taiw\u00e1n        <\/option>\n              <option value=\"TZ\">\n          Tanzania        <\/option>\n              <option value=\"TJ\">\n          Tayikist\u00e1n        <\/option>\n              <option value=\"IO\">\n          Territorio Brit\u00e1nico del Oc\u00e9ano \u00cdndico        <\/option>\n              <option value=\"TF\">\n          Territorios australes franceses        <\/option>\n              <option value=\"PS\">\n          Territorios Palestinos        <\/option>\n              <option value=\"TL\">\n          Timor Oriental        <\/option>\n              <option value=\"TG\">\n          Togo        <\/option>\n              <option value=\"TK\">\n          Tokelau        <\/option>\n              <option value=\"TO\">\n          Tonga        <\/option>\n              <option value=\"TT\">\n          Trinidad y Tobago        <\/option>\n              <option value=\"TN\">\n          T\u00fanez        <\/option>\n              <option value=\"TM\">\n          Turkmenist\u00e1n        <\/option>\n              <option value=\"TR\">\n          Turqu\u00eda        <\/option>\n              <option value=\"TV\">\n          Tuvalu        <\/option>\n              <option value=\"UA\">\n          Ucrania        <\/option>\n              <option value=\"UG\">\n          Uganda        <\/option>\n              <option value=\"UY\">\n          Uruguay        <\/option>\n              <option value=\"UZ\">\n          Uzbekist\u00e1n        <\/option>\n              <option value=\"VU\">\n          Vanuatu        <\/option>\n              <option value=\"VE\">\n          Venezuela        <\/option>\n              <option value=\"VN\">\n          Vietnam        <\/option>\n              <option value=\"WF\">\n          Wallis y Futuna        <\/option>\n              <option value=\"YE\">\n          Yemen        <\/option>\n              <option value=\"ZM\">\n          Zambia        <\/option>\n              <option value=\"ZW\">\n          Zimbabue        <\/option>\n          <\/select>\n  <\/p>\n\n  <p>\n    <label>\u00bfC\u00f3mo promocionar\u00e1s Blogs AI?<\/label><br>\n    <textarea\n      name=\"promotion_channel\"\n      rows=\"4\"\n      required\n      placeholder=\"Website, blog, YouTube, social networks, email list\u2026\"\n      style=\"width:100%\"\n    ><\/textarea>\n  <\/p>\n\n\n\n    <h3>Pago<\/h3>\n    <input type=\"text\" name=\"iban\" placeholder=\"IBAN\" required \/>\n\n\n        <p>\n  <label>\n    <input type=\"checkbox\" name=\"accept_terms\" required \/>\n    \n          <a href=\"https:\/\/wpblogs.ai\/affiliate-terms-and-conditions\/\" target=\"_blank\" rel=\"noopener\">\n        Acepto los t\u00e9rminos y condiciones      <\/a>\n      <\/label>\n<\/p>\n\n\n    <button type=\"submit\" name=\"baa_create_affiliate\" class=\"elementor-button\">\n      Crear cuenta de afiliado    <\/button>\n  <\/form>\n\n\n  <script>\n  document.addEventListener('DOMContentLoaded', function () {\n    const form = document.getElementById('baa-create-affiliate-form');\n    if (!form) return;\n\n    form.addEventListener('submit', function (e) {\n      let errors = [];\n\n      const email = form.querySelector('[name=\"email\"]')?.value.trim();\n     const iban  = (form.querySelector('[name=\"iban\"]')?.value || '').replace(\/[\\s\\u00A0]\/g, '').toUpperCase();\n\n\n      if (!email) {\n        errors.push('Email is required.');\n      }\n\n      if (!baaValidateIBAN(iban)) {\n        errors.push('IBAN no v\u00e1lido.');\n      }\n\n\n      if (errors.length) {\n        e.preventDefault();\n        alert(errors.join(\"\\\\n\"));\n      }\n    });\n  });\n  <\/script>\n\n  \n","protected":false},"excerpt":{"rendered":"","protected":false},"author":11,"featured_media":0,"parent":0,"menu_order":0,"comment_status":"closed","ping_status":"closed","template":"","meta":{"_acf_changed":false,"footnotes":""},"class_list":["post-3841","page","type-page","status-publish","hentry"],"acf":[],"_links":{"self":[{"href":"https:\/\/wpblogs.ai\/es\/wp-json\/wp\/v2\/pages\/3841","targetHints":{"allow":["GET"]}}],"collection":[{"href":"https:\/\/wpblogs.ai\/es\/wp-json\/wp\/v2\/pages"}],"about":[{"href":"https:\/\/wpblogs.ai\/es\/wp-json\/wp\/v2\/types\/page"}],"author":[{"embeddable":true,"href":"https:\/\/wpblogs.ai\/es\/wp-json\/wp\/v2\/users\/11"}],"replies":[{"embeddable":true,"href":"https:\/\/wpblogs.ai\/es\/wp-json\/wp\/v2\/comments?post=3841"}],"version-history":[{"count":1,"href":"https:\/\/wpblogs.ai\/es\/wp-json\/wp\/v2\/pages\/3841\/revisions"}],"predecessor-version":[{"id":3853,"href":"https:\/\/wpblogs.ai\/es\/wp-json\/wp\/v2\/pages\/3841\/revisions\/3853"}],"wp:attachment":[{"href":"https:\/\/wpblogs.ai\/es\/wp-json\/wp\/v2\/media?parent=3841"}],"curies":[{"name":"wp","href":"https:\/\/api.w.org\/{rel}","templated":true}]}}