{"id":3837,"date":"2026-02-05T13:45:29","date_gmt":"2026-02-05T13:45:29","guid":{"rendered":"https:\/\/wpblogs.ai\/nouvel-affilie\/"},"modified":"2026-02-06T16:35:49","modified_gmt":"2026-02-06T16:35:49","slug":"nouvel-affilie","status":"publish","type":"page","link":"https:\/\/wpblogs.ai\/fr\/nouvel-affilie\/","title":{"rendered":"Form affili\u00e9"},"content":{"rendered":"  <h2>Devenir affili\u00e9<\/h2>\n\n  <form method=\"post\" id=\"baa-create-affiliate-form\">\n\n    <input type=\"hidden\" id=\"baa_nonce\" name=\"baa_nonce\" value=\"677457ffea\" \/><input type=\"hidden\" name=\"_wp_http_referer\" value=\"\/fr\/wp-json\/wp\/v2\/pages\/3837\" \/>\n    <h3>Compte<\/h3>\n    <input type=\"email\" name=\"email\" placeholder=\"Email\" required \/>\n    <input type=\"password\" name=\"password\" placeholder=\"Password\" required \/>\n\n    <h3>Informations personnelles<\/h3>\n  <input type=\"text\" name=\"company\" placeholder=\"Entreprise\" \/>\n  <input type=\"text\" name=\"first_name\" placeholder=\"Pr\u00e9nom\" required \/>\n  <input type=\"text\" name=\"last_name\" placeholder=\"Nom\" required \/>\n  <input type=\"text\" name=\"address\" placeholder=\"Adresse\" \/>\n  <input type=\"text\" name=\"postcode\" placeholder=\"Code postal\" \/>\n  <input type=\"text\" name=\"city\" placeholder=\"Ville\" \/>\n\n\n\n  \n  <h3>D\u00e9tails de promotion<\/h3>\n\n  <p>\n    <label>Country<\/label><br>\n    <select name=\"country\" required style=\"width:100%\">\n              <option value=\"AF\">\n          Afghanistan        <\/option>\n              <option value=\"ZA\">\n          Afrique du Sud        <\/option>\n              <option value=\"AX\">\n          \u00c5land Islands        <\/option>\n              <option value=\"AL\">\n          Albanie        <\/option>\n              <option value=\"DZ\">\n          Alg\u00e9rie        <\/option>\n              <option value=\"DE\">\n          Allemagne        <\/option>\n              <option value=\"AS\">\n          American Samoa        <\/option>\n              <option value=\"AD\">\n          Andorre        <\/option>\n              <option value=\"AO\">\n          Angola        <\/option>\n              <option value=\"AI\">\n          Anguilla        <\/option>\n              <option value=\"AQ\">\n          Antarctique        <\/option>\n              <option value=\"AG\">\n          Antigua-et-Barbuda        <\/option>\n              <option value=\"SA\">\n          Arabie Saoudite        <\/option>\n              <option value=\"AR\">\n          Argentine        <\/option>\n              <option value=\"AM\">\n          Arm\u00e9nie        <\/option>\n              <option value=\"AW\">\n          Aruba        <\/option>\n              <option value=\"AU\">\n          Australie        <\/option>\n              <option value=\"AT\">\n          Autriche        <\/option>\n              <option value=\"AZ\">\n          Azerbaijan        <\/option>\n              <option value=\"BS\">\n          Bahamas        <\/option>\n              <option value=\"BH\">\n          Bahrain        <\/option>\n              <option value=\"BD\">\n          Bangladesh        <\/option>\n              <option value=\"BB\">\n          Barbades        <\/option>\n              <option value=\"PW\">\n          Belau        <\/option>\n              <option value=\"BE\">\n          Belgique        <\/option>\n              <option value=\"BZ\">\n          Belize        <\/option>\n              <option value=\"BJ\">\n          Benin        <\/option>\n              <option value=\"BM\">\n          Bermudes        <\/option>\n              <option value=\"BT\">\n          Bhutan        <\/option>\n              <option value=\"BY\">\n          Bi\u00e9lorussie        <\/option>\n              <option value=\"BO\">\n          Bolivie        <\/option>\n              <option value=\"BA\">\n          Bosnie-Herz\u00e9govine        <\/option>\n              <option value=\"BW\">\n          Botswana        <\/option>\n              <option value=\"BR\">\n          Br\u00e9sil        <\/option>\n              <option value=\"BN\">\n          Brunei        <\/option>\n              <option value=\"BG\">\n          Bulgarie        <\/option>\n              <option value=\"BF\">\n          Burkina Faso        <\/option>\n              <option value=\"BI\">\n          Burundi        <\/option>\n              <option value=\"KH\">\n          Cambodge        <\/option>\n              <option value=\"CM\">\n          Cameroun        <\/option>\n              <option value=\"CA\">\n          Canada        <\/option>\n              <option value=\"CV\">\n          Cap Vert        <\/option>\n              <option value=\"CL\">\n          Chili        <\/option>\n              <option value=\"CN\">\n          Chine        <\/option>\n              <option value=\"CX\">\n          Christmas Island        <\/option>\n              <option value=\"CY\">\n          Chypre        <\/option>\n              <option value=\"CO\">\n          Colombie        <\/option>\n              <option value=\"KM\">\n          Comores        <\/option>\n              <option value=\"CG\">\n          Congo (Brazzaville)        <\/option>\n              <option value=\"CD\">\n          Congo (Kinshasa)        <\/option>\n              <option value=\"KP\">\n          Cor\u00e9e du Nord        <\/option>\n              <option value=\"KR\">\n          Cor\u00e9e du Sud        <\/option>\n              <option value=\"CR\">\n          Costa Rica        <\/option>\n              <option value=\"CI\">\n          C\u00f4te-d\u2019Ivoire        <\/option>\n              <option value=\"HR\">\n          Croatie        <\/option>\n              <option value=\"CU\">\n          Cuba        <\/option>\n              <option value=\"CW\">\n          Cura\u00e7ao        <\/option>\n              <option value=\"DK\">\n          Danemark        <\/option>\n              <option value=\"DJ\">\n          Djibouti        <\/option>\n              <option value=\"DM\">\n          Dominique        <\/option>\n              <option value=\"EG\">\n          \u00c9gypte        <\/option>\n              <option value=\"AE\">\n          \u00c9mirats Arabes Unis        <\/option>\n              <option value=\"EC\">\n          \u00c9quateur        <\/option>\n              <option value=\"ER\">\n          Erythr\u00e9e        <\/option>\n              <option value=\"ES\">\n          Espagne        <\/option>\n              <option value=\"EE\">\n          Estonie        <\/option>\n              <option value=\"SZ\">\n          Eswatini        <\/option>\n              <option value=\"US\">\n          Etats-Unis (USA)        <\/option>\n              <option value=\"ET\">\n          \u00c9thiopie        <\/option>\n              <option value=\"FJ\">\n          Fidji        <\/option>\n              <option value=\"FI\">\n          Finlande        <\/option>\n              <option value=\"FR\">\n          France        <\/option>\n              <option value=\"GA\">\n          Gabon        <\/option>\n              <option value=\"GM\">\n          Gambie        <\/option>\n              <option value=\"GE\">\n          G\u00e9orgie        <\/option>\n              <option value=\"GS\">\n          G\u00e9orgie du Sud \/ \u00eeles Sandwich        <\/option>\n              <option value=\"GH\">\n          Ghana        <\/option>\n              <option value=\"GI\">\n          Gibraltar        <\/option>\n              <option value=\"GR\">\n          Gr\u00e8ce        <\/option>\n              <option value=\"GD\">\n          Grenade        <\/option>\n              <option value=\"GL\">\n          Groenland        <\/option>\n              <option value=\"GP\">\n          Guadeloupe        <\/option>\n              <option value=\"GU\">\n          Guam        <\/option>\n              <option value=\"GT\">\n          Guatemala        <\/option>\n              <option value=\"GG\">\n          Guernesey        <\/option>\n              <option value=\"GN\">\n          Guin\u00e9e        <\/option>\n              <option value=\"GQ\">\n          Guin\u00e9e \u00e9quatoriale        <\/option>\n              <option value=\"GW\">\n          Guin\u00e9e-Bissau        <\/option>\n              <option value=\"GY\">\n          Guyane        <\/option>\n              <option value=\"GF\">\n          Guyane Fran\u00e7aise        <\/option>\n              <option value=\"HT\">\n          Ha\u00efti        <\/option>\n              <option value=\"HN\">\n          Honduras        <\/option>\n              <option value=\"HK\">\n          Hong Kong        <\/option>\n              <option value=\"HU\">\n          Hongrie        <\/option>\n              <option value=\"BV\">\n          \u00cele Bouvet        <\/option>\n              <option value=\"IM\">\n          \u00cele de Man        <\/option>\n              <option value=\"NF\">\n          \u00cele Norfolk        <\/option>\n              <option value=\"KY\">\n          \u00celes Ca\u00efmans        <\/option>\n              <option value=\"CC\">\n          \u00celes Cocos        <\/option>\n              <option value=\"CK\">\n          \u00celes Cook        <\/option>\n              <option value=\"FK\">\n          \u00celes Falkland        <\/option>\n              <option value=\"FO\">\n          \u00celes F\u00e9ro\u00e9        <\/option>\n              <option value=\"HM\">\n          \u00celes Heard-et-MacDonald        <\/option>\n              <option value=\"MH\">\n          \u00celes Marshall        <\/option>\n              <option value=\"UM\">\n          \u00celes Mineures \u00e9loign\u00e9es des \u00c9tats-Unis        <\/option>\n              <option value=\"SB\">\n          \u00celes Salomon        <\/option>\n              <option value=\"TC\">\n          \u00celes Turques et Ca\u00efques        <\/option>\n              <option value=\"IN\">\n          Inde        <\/option>\n              <option value=\"ID\">\n          Indon\u00e9sie        <\/option>\n              <option value=\"IR\">\n          Iran        <\/option>\n              <option value=\"IQ\">\n          Iraq        <\/option>\n              <option value=\"IE\">\n          Irlande        <\/option>\n              <option value=\"IS\">\n          Islande        <\/option>\n              <option value=\"IL\">\n          Isra\u00ebl        <\/option>\n              <option value=\"IT\">\n          Italie        <\/option>\n              <option value=\"JM\">\n          Jama\u00efque        <\/option>\n              <option value=\"JP\">\n          Japon        <\/option>\n              <option value=\"JE\">\n          Jersey        <\/option>\n              <option value=\"JO\">\n          Jordanie        <\/option>\n              <option value=\"KZ\">\n          Kazakhstan        <\/option>\n              <option value=\"KE\">\n          Kenya        <\/option>\n              <option value=\"KI\">\n          Kiribati        <\/option>\n              <option value=\"XK\">\n          Kosovo        <\/option>\n              <option value=\"KW\">\n          Kowe\u00eft        <\/option>\n              <option value=\"KG\">\n          Kyrgyzstan        <\/option>\n              <option value=\"RE\">\n          La R\u00e9union        <\/option>\n              <option value=\"LA\">\n          Laos        <\/option>\n              <option value=\"LS\">\n          Lesotho        <\/option>\n              <option value=\"LV\">\n          Lettonie        <\/option>\n              <option value=\"LB\">\n          Liban        <\/option>\n              <option value=\"LR\">\n          Liberia        <\/option>\n              <option value=\"LY\">\n          Libye        <\/option>\n              <option value=\"LI\">\n          Liechtenstein        <\/option>\n              <option value=\"LT\">\n          Lituanie        <\/option>\n              <option value=\"LU\">\n          Luxembourg        <\/option>\n              <option value=\"MO\">\n          Macao        <\/option>\n              <option value=\"MK\">\n          Mac\u00e9doine du Nord        <\/option>\n              <option value=\"MG\">\n          Madagascar        <\/option>\n              <option value=\"MY\">\n          Malaisie        <\/option>\n              <option value=\"MW\">\n          Malawi        <\/option>\n              <option value=\"MV\">\n          Maldives        <\/option>\n              <option value=\"ML\">\n          Mali        <\/option>\n              <option value=\"MT\">\n          Malte        <\/option>\n              <option value=\"MA\">\n          Maroc        <\/option>\n              <option value=\"MQ\">\n          Martinique        <\/option>\n              <option value=\"MU\">\n          Maurice        <\/option>\n              <option value=\"MR\">\n          Mauritanie        <\/option>\n              <option value=\"YT\">\n          Mayotte        <\/option>\n              <option value=\"MX\">\n          Mexique        <\/option>\n              <option value=\"FM\">\n          Micron\u00e9sie        <\/option>\n              <option value=\"MD\">\n          Moldavie        <\/option>\n              <option value=\"MC\">\n          Monaco        <\/option>\n              <option value=\"MN\">\n          Mongolie        <\/option>\n              <option value=\"ME\">\n          Montenegro        <\/option>\n              <option value=\"MS\">\n          Montserrat        <\/option>\n              <option value=\"MZ\">\n          Mozambique        <\/option>\n              <option value=\"MM\">\n          Myanmar        <\/option>\n              <option value=\"NA\">\n          Namibie        <\/option>\n              <option value=\"NR\">\n          Nauru        <\/option>\n              <option value=\"NP\">\n          N\u00e9pal        <\/option>\n              <option value=\"NI\">\n          Nicaragua        <\/option>\n              <option value=\"NE\">\n          Niger        <\/option>\n              <option value=\"NG\">\n          Nigeria        <\/option>\n              <option value=\"NU\">\n          Niue        <\/option>\n              <option value=\"MP\">\n          Northern Mariana Islands        <\/option>\n              <option value=\"NO\">\n          Norv\u00e8ge        <\/option>\n              <option value=\"NC\">\n          Nouvelle-Cal\u00e9donie        <\/option>\n              <option value=\"NZ\">\n          Nouvelle-Z\u00e9lande        <\/option>\n              <option value=\"OM\">\n          Oman        <\/option>\n              <option value=\"PK\">\n          Pakistan        <\/option>\n              <option value=\"PA\">\n          Panama        <\/option>\n              <option value=\"PG\">\n          Papouasie-Nouvelle-Guin\u00e9e        <\/option>\n              <option value=\"PY\">\n          Paraguay        <\/option>\n              <option value=\"NL\">\n          Pays-Bas        <\/option>\n              <option value=\"PE\">\n          P\u00e9rou        <\/option>\n              <option value=\"PH\">\n          Philippines        <\/option>\n              <option value=\"PN\">\n          Pitcairn        <\/option>\n              <option value=\"PL\">\n          Pologne        <\/option>\n              <option value=\"PF\">\n          Polyn\u00e9sie Fran\u00e7aise        <\/option>\n              <option value=\"PT\">\n          Portugal        <\/option>\n              <option value=\"PR\">\n          Puerto Rico        <\/option>\n              <option value=\"QA\">\n          Qatar        <\/option>\n              <option value=\"CF\">\n          R\u00e9publique Centrafricaine        <\/option>\n              <option value=\"DO\">\n          R\u00e9publique Dominicaine        <\/option>\n              <option value=\"CZ\">\n          R\u00e9publique Tch\u00e8que        <\/option>\n              <option value=\"RO\">\n          Roumanie        <\/option>\n              <option value=\"GB\">\n          Royaume-Uni (UK)        <\/option>\n              <option value=\"RU\">\n          Russie        <\/option>\n              <option value=\"RW\">\n          Rwanda        <\/option>\n              <option value=\"BQ\">\n          Saba, Saint-Eustache et Bonaire        <\/option>\n              <option value=\"EH\">\n          Sahara occidental        <\/option>\n              <option value=\"BL\">\n          Saint Barth\u00e9lemy        <\/option>\n              <option value=\"PM\">\n          Saint Pierre et Miquelon        <\/option>\n              <option value=\"KN\">\n          Saint-Kitts-et-Nevis        <\/option>\n              <option value=\"MF\">\n          Saint-Martin (partie fran\u00e7aise)        <\/option>\n              <option value=\"SX\">\n          Saint-Martin (partie n\u00e9erlandaise)        <\/option>\n              <option value=\"VC\">\n          Saint-Vincent-et-les-Grenadines        <\/option>\n              <option value=\"SH\">\n          Sainte-H\u00e9l\u00e8ne        <\/option>\n              <option value=\"LC\">\n          Sainte-Lucie        <\/option>\n              <option value=\"SV\">\n          Salvador        <\/option>\n              <option value=\"WS\">\n          Samoa        <\/option>\n              <option value=\"SM\">\n          San Marino        <\/option>\n              <option value=\"ST\">\n          Sao Tom\u00e9-et-Principe        <\/option>\n              <option value=\"SN\">\n          S\u00e9n\u00e9gal        <\/option>\n              <option value=\"RS\">\n          Serbie        <\/option>\n              <option value=\"SC\">\n          Seychelles        <\/option>\n              <option value=\"SL\">\n          Sierra Leone        <\/option>\n              <option value=\"SG\">\n          Singapour        <\/option>\n              <option value=\"SK\">\n          Slovaquie        <\/option>\n              <option value=\"SI\">\n          Slov\u00e9nie        <\/option>\n              <option value=\"SO\">\n          Somalie        <\/option>\n              <option value=\"SD\">\n          Soudan        <\/option>\n              <option value=\"SS\">\n          Soudan du Sud        <\/option>\n              <option value=\"LK\">\n          Sri Lanka        <\/option>\n              <option value=\"SE\">\n          Su\u00e8de        <\/option>\n              <option value=\"CH\">\n          Suisse        <\/option>\n              <option value=\"SR\">\n          Suriname        <\/option>\n              <option value=\"SJ\">\n          Svalbard et Jan Mayen        <\/option>\n              <option value=\"SY\">\n          Syrie        <\/option>\n              <option value=\"TW\">\n          Taiwan        <\/option>\n              <option value=\"TJ\">\n          Tajikistan        <\/option>\n              <option value=\"TZ\">\n          Tanzanie        <\/option>\n              <option value=\"TD\">\n          Tchad        <\/option>\n              <option value=\"TF\">\n          Terres Australes Fran\u00e7aises        <\/option>\n              <option value=\"IO\">\n          Territoire britannique de l\u2019oc\u00e9an Indien        <\/option>\n              <option value=\"PS\">\n          Territoire Palestinien        <\/option>\n              <option value=\"TH\">\n          Thailande        <\/option>\n              <option value=\"TL\">\n          Timor oriental        <\/option>\n              <option value=\"TG\">\n          Togo        <\/option>\n              <option value=\"TK\">\n          Tokelau        <\/option>\n              <option value=\"TO\">\n          Tonga        <\/option>\n              <option value=\"TT\">\n          Trinit\u00e9-et-Tobago        <\/option>\n              <option value=\"TN\">\n          Tunisie        <\/option>\n              <option value=\"TM\">\n          Turkm\u00e9nistan        <\/option>\n              <option value=\"TR\">\n          Turquie        <\/option>\n              <option value=\"TV\">\n          Tuvalu        <\/option>\n              <option value=\"UG\">\n          Uganda        <\/option>\n              <option value=\"UA\">\n          Ukraine        <\/option>\n              <option value=\"UY\">\n          Uruguay        <\/option>\n              <option value=\"UZ\">\n          Uzbekistan        <\/option>\n              <option value=\"VU\">\n          Vanuatu        <\/option>\n              <option value=\"VA\">\n          Vatican        <\/option>\n              <option value=\"VE\">\n          Venezuela        <\/option>\n              <option value=\"VN\">\n          Vietnam        <\/option>\n              <option value=\"VG\">\n          Virgin Islands (British)        <\/option>\n              <option value=\"VI\">\n          Virgin Islands (US)        <\/option>\n              <option value=\"WF\">\n          Wallis et Futuna        <\/option>\n              <option value=\"YE\">\n          Yemen        <\/option>\n              <option value=\"ZM\">\n          Zambie        <\/option>\n              <option value=\"ZW\">\n          Zimbabwe        <\/option>\n          <\/select>\n  <\/p>\n\n  <p>\n    <label>Comment allez-vous promouvoir Blogs AI ?<\/label><br>\n    <textarea\n      name=\"promotion_channel\"\n      rows=\"4\"\n      required\n      placeholder=\"Website, blog, YouTube, social networks, email list\u2026\"\n      style=\"width:100%\"\n    ><\/textarea>\n  <\/p>\n\n\n\n    <h3>Paiement<\/h3>\n    <input type=\"text\" name=\"iban\" placeholder=\"IBAN\" required \/>\n\n\n        <p>\n  <label>\n    <input type=\"checkbox\" name=\"accept_terms\" required \/>\n    \n          <a href=\"https:\/\/wpblogs.ai\/affiliate-terms-and-conditions\/\" target=\"_blank\" rel=\"noopener\">\n        J&#039;accepte les conditions g\u00e9n\u00e9rales      <\/a>\n      <\/label>\n<\/p>\n\n\n    <button type=\"submit\" name=\"baa_create_affiliate\" class=\"elementor-button\">\n      Cr\u00e9er un compte affili\u00e9    <\/button>\n  <\/form>\n\n\n  <script>\n  document.addEventListener('DOMContentLoaded', function () {\n    const form = document.getElementById('baa-create-affiliate-form');\n    if (!form) return;\n\n    form.addEventListener('submit', function (e) {\n      let errors = [];\n\n      const email = form.querySelector('[name=\"email\"]')?.value.trim();\n     const iban  = (form.querySelector('[name=\"iban\"]')?.value || '').replace(\/[\\s\\u00A0]\/g, '').toUpperCase();\n\n\n      if (!email) {\n        errors.push('Email is required.');\n      }\n\n      if (!baaValidateIBAN(iban)) {\n        errors.push('IBAN invalide.');\n      }\n\n\n      if (errors.length) {\n        e.preventDefault();\n        alert(errors.join(\"\\\\n\"));\n      }\n    });\n  });\n  <\/script>\n\n  \n","protected":false},"excerpt":{"rendered":"","protected":false},"author":11,"featured_media":0,"parent":0,"menu_order":0,"comment_status":"closed","ping_status":"closed","template":"","meta":{"_acf_changed":false,"footnotes":""},"class_list":["post-3837","page","type-page","status-publish","hentry"],"acf":[],"_links":{"self":[{"href":"https:\/\/wpblogs.ai\/fr\/wp-json\/wp\/v2\/pages\/3837","targetHints":{"allow":["GET"]}}],"collection":[{"href":"https:\/\/wpblogs.ai\/fr\/wp-json\/wp\/v2\/pages"}],"about":[{"href":"https:\/\/wpblogs.ai\/fr\/wp-json\/wp\/v2\/types\/page"}],"author":[{"embeddable":true,"href":"https:\/\/wpblogs.ai\/fr\/wp-json\/wp\/v2\/users\/11"}],"replies":[{"embeddable":true,"href":"https:\/\/wpblogs.ai\/fr\/wp-json\/wp\/v2\/comments?post=3837"}],"version-history":[{"count":1,"href":"https:\/\/wpblogs.ai\/fr\/wp-json\/wp\/v2\/pages\/3837\/revisions"}],"predecessor-version":[{"id":3849,"href":"https:\/\/wpblogs.ai\/fr\/wp-json\/wp\/v2\/pages\/3837\/revisions\/3849"}],"wp:attachment":[{"href":"https:\/\/wpblogs.ai\/fr\/wp-json\/wp\/v2\/media?parent=3837"}],"curies":[{"name":"wp","href":"https:\/\/api.w.org\/{rel}","templated":true}]}}