{"id":3839,"date":"2026-02-05T13:45:29","date_gmt":"2026-02-05T13:45:29","guid":{"rendered":"https:\/\/wpblogs.ai\/nuovo-affiliato\/"},"modified":"2026-02-06T16:36:16","modified_gmt":"2026-02-06T16:36:16","slug":"nuovo-affiliato","status":"publish","type":"page","link":"https:\/\/wpblogs.ai\/it\/nuovo-affiliato\/","title":{"rendered":"Form affiliato"},"content":{"rendered":"  <h2>Diventa affiliato<\/h2>\n\n  <form method=\"post\" id=\"baa-create-affiliate-form\">\n\n    <input type=\"hidden\" id=\"baa_nonce\" name=\"baa_nonce\" value=\"677457ffea\" \/><input type=\"hidden\" name=\"_wp_http_referer\" value=\"\/it\/wp-json\/wp\/v2\/pages\/3839\" \/>\n    <h3>Account<\/h3>\n    <input type=\"email\" name=\"email\" placeholder=\"Email\" required \/>\n    <input type=\"password\" name=\"password\" placeholder=\"Password\" required \/>\n\n    <h3>Dati personali<\/h3>\n  <input type=\"text\" name=\"company\" placeholder=\"Azienda\" \/>\n  <input type=\"text\" name=\"first_name\" placeholder=\"Nome\" required \/>\n  <input type=\"text\" name=\"last_name\" placeholder=\"Cognome\" required \/>\n  <input type=\"text\" name=\"address\" placeholder=\"Indirizzo\" \/>\n  <input type=\"text\" name=\"postcode\" placeholder=\"Codice postale\" \/>\n  <input type=\"text\" name=\"city\" placeholder=\"Citt\u00e0\" \/>\n\n\n\n  \n  <h3>Dettagli promozione<\/h3>\n\n  <p>\n    <label>Country<\/label><br>\n    <select name=\"country\" required style=\"width:100%\">\n              <option value=\"AF\">\n          Afghanistan        <\/option>\n              <option value=\"AL\">\n          Albania        <\/option>\n              <option value=\"DZ\">\n          Algeria        <\/option>\n              <option value=\"AS\">\n          American Samoa        <\/option>\n              <option value=\"AD\">\n          Andorra        <\/option>\n              <option value=\"AO\">\n          Angola        <\/option>\n              <option value=\"AI\">\n          Anguilla        <\/option>\n              <option value=\"AQ\">\n          Antartide        <\/option>\n              <option value=\"AG\">\n          Antigua e Barbuda        <\/option>\n              <option value=\"SA\">\n          Arabia Saudita        <\/option>\n              <option value=\"AR\">\n          Argentina        <\/option>\n              <option value=\"AM\">\n          Armenia        <\/option>\n              <option value=\"AW\">\n          Aruba        <\/option>\n              <option value=\"AU\">\n          Australia        <\/option>\n              <option value=\"AT\">\n          Austria        <\/option>\n              <option value=\"AZ\">\n          Azerbaijan        <\/option>\n              <option value=\"BS\">\n          Bahamas        <\/option>\n              <option value=\"BH\">\n          Bahrain        <\/option>\n              <option value=\"BD\">\n          Bangladesh        <\/option>\n              <option value=\"BB\">\n          Barbados        <\/option>\n              <option value=\"PW\">\n          Belau        <\/option>\n              <option value=\"BE\">\n          Belgio        <\/option>\n              <option value=\"BZ\">\n          Belize        <\/option>\n              <option value=\"BJ\">\n          Benin        <\/option>\n              <option value=\"BM\">\n          Bermuda        <\/option>\n              <option value=\"BT\">\n          Bhutan        <\/option>\n              <option value=\"BY\">\n          Bielorussia        <\/option>\n              <option value=\"MM\">\n          Birmania        <\/option>\n              <option value=\"BO\">\n          Bolivia        <\/option>\n              <option value=\"BQ\">\n          Bonaire, Saint Eustatius e Saba        <\/option>\n              <option value=\"BA\">\n          Bosnia-Erzegovina        <\/option>\n              <option value=\"BW\">\n          Botswana        <\/option>\n              <option value=\"BR\">\n          Brasile        <\/option>\n              <option value=\"BN\">\n          Brunei        <\/option>\n              <option value=\"BG\">\n          Bulgaria        <\/option>\n              <option value=\"BF\">\n          Burkina Faso        <\/option>\n              <option value=\"BI\">\n          Burundi        <\/option>\n              <option value=\"KH\">\n          Cambogia        <\/option>\n              <option value=\"CM\">\n          Camerun        <\/option>\n              <option value=\"CA\">\n          Canada        <\/option>\n              <option value=\"CV\">\n          Capo Verde        <\/option>\n              <option value=\"TD\">\n          Ciad        <\/option>\n              <option value=\"CL\">\n          Cile        <\/option>\n              <option value=\"CN\">\n          Cina        <\/option>\n              <option value=\"CY\">\n          Cipro        <\/option>\n              <option value=\"CO\">\n          Colombia        <\/option>\n              <option value=\"KM\">\n          Comore        <\/option>\n              <option value=\"CG\">\n          Congo (Brazzaville)        <\/option>\n              <option value=\"CD\">\n          Congo (Kinshasa)        <\/option>\n              <option value=\"KP\">\n          Corea del Nord        <\/option>\n              <option value=\"KR\">\n          Corea del Sud        <\/option>\n              <option value=\"CI\">\n          Costa d&#039;Avorio        <\/option>\n              <option value=\"CR\">\n          Costa Rica        <\/option>\n              <option value=\"HR\">\n          Croazia        <\/option>\n              <option value=\"CU\">\n          Cuba        <\/option>\n              <option value=\"CW\">\n          Cura&ccedil;ao        <\/option>\n              <option value=\"DK\">\n          Danimarca        <\/option>\n              <option value=\"DM\">\n          Dominica        <\/option>\n              <option value=\"EC\">\n          Ecuador        <\/option>\n              <option value=\"EG\">\n          Egitto        <\/option>\n              <option value=\"SV\">\n          El Salvador        <\/option>\n              <option value=\"AE\">\n          Emirati Arabi Uniti        <\/option>\n              <option value=\"ER\">\n          Eritrea        <\/option>\n              <option value=\"EE\">\n          Estonia        <\/option>\n              <option value=\"SZ\">\n          Eswatini        <\/option>\n              <option value=\"ET\">\n          Etiopia        <\/option>\n              <option value=\"FJ\">\n          Figi        <\/option>\n              <option value=\"PH\">\n          Filippine        <\/option>\n              <option value=\"FI\">\n          Finlandia        <\/option>\n              <option value=\"FR\">\n          Francia        <\/option>\n              <option value=\"GA\">\n          Gabon        <\/option>\n              <option value=\"GM\">\n          Gambia        <\/option>\n              <option value=\"GE\">\n          Georgia        <\/option>\n              <option value=\"DE\">\n          Germania        <\/option>\n              <option value=\"GH\">\n          Ghana        <\/option>\n              <option value=\"JM\">\n          Giamaica        <\/option>\n              <option value=\"JP\">\n          Giappone        <\/option>\n              <option value=\"GI\">\n          Gibilterra        <\/option>\n              <option value=\"DJ\">\n          Gibuti        <\/option>\n              <option value=\"JO\">\n          Giordania        <\/option>\n              <option value=\"GR\">\n          Grecia        <\/option>\n              <option value=\"GD\">\n          Grenada        <\/option>\n              <option value=\"GL\">\n          Groenlandia        <\/option>\n              <option value=\"GP\">\n          Guadalupa        <\/option>\n              <option value=\"GU\">\n          Guam        <\/option>\n              <option value=\"GT\">\n          Guatemala        <\/option>\n              <option value=\"GG\">\n          Guernsey        <\/option>\n              <option value=\"GN\">\n          Guinea        <\/option>\n              <option value=\"GQ\">\n          Guinea Equatoriale        <\/option>\n              <option value=\"GW\">\n          Guinea-Bissau        <\/option>\n              <option value=\"GY\">\n          Guyana        <\/option>\n              <option value=\"GF\">\n          Guyana Francese        <\/option>\n              <option value=\"HT\">\n          Haiti        <\/option>\n              <option value=\"HN\">\n          Honduras        <\/option>\n              <option value=\"HK\">\n          Hong Kong        <\/option>\n              <option value=\"IN\">\n          India        <\/option>\n              <option value=\"ID\">\n          Indonesia        <\/option>\n              <option value=\"IR\">\n          Iran        <\/option>\n              <option value=\"IQ\">\n          Iraq        <\/option>\n              <option value=\"IE\">\n          Irlanda        <\/option>\n              <option value=\"IS\">\n          Islanda        <\/option>\n              <option value=\"BV\">\n          Isola Bouvet        <\/option>\n              <option value=\"IM\">\n          Isola di Man        <\/option>\n              <option value=\"CX\">\n          Isola di Natale        <\/option>\n              <option value=\"NF\">\n          Isola Norfolk        <\/option>\n              <option value=\"AX\">\n          Isole \u00c5land        <\/option>\n              <option value=\"KY\">\n          Isole Cayman        <\/option>\n              <option value=\"CC\">\n          Isole Cocos (Keeling)        <\/option>\n              <option value=\"CK\">\n          Isole Cook        <\/option>\n              <option value=\"FK\">\n          Isole Falkland        <\/option>\n              <option value=\"FO\">\n          Isole Faroe        <\/option>\n              <option value=\"HM\">\n          Isole Heard e McDonald        <\/option>\n              <option value=\"MH\">\n          Isole Marshall        <\/option>\n              <option value=\"SB\">\n          Isole Salomone        <\/option>\n              <option value=\"VI\">\n          Isole Vergini Americane        <\/option>\n              <option value=\"VG\">\n          Isole Vergini Britanniche        <\/option>\n              <option value=\"IL\">\n          Israele        <\/option>\n              <option value=\"IT\">\n          Italia        <\/option>\n              <option value=\"JE\">\n          Jersey        <\/option>\n              <option value=\"KZ\">\n          Kazakistan        <\/option>\n              <option value=\"KE\">\n          Kenya        <\/option>\n              <option value=\"KG\">\n          Kirghizistan        <\/option>\n              <option value=\"KI\">\n          Kiribati        <\/option>\n              <option value=\"XK\">\n          Kosovo        <\/option>\n              <option value=\"KW\">\n          Kuwait        <\/option>\n              <option value=\"LA\">\n          Laos        <\/option>\n              <option value=\"LS\">\n          Lesotho        <\/option>\n              <option value=\"LV\">\n          Lettonia        <\/option>\n              <option value=\"LB\">\n          Libano        <\/option>\n              <option value=\"LR\">\n          Liberia        <\/option>\n              <option value=\"LY\">\n          Libia        <\/option>\n              <option value=\"LI\">\n          Liechtenstein        <\/option>\n              <option value=\"LT\">\n          Lituania        <\/option>\n              <option value=\"LU\">\n          Lussemburgo        <\/option>\n              <option value=\"MO\">\n          Macao        <\/option>\n              <option value=\"MK\">\n          Macedonia del Nord        <\/option>\n              <option value=\"MG\">\n          Madagascar        <\/option>\n              <option value=\"MW\">\n          Malawi        <\/option>\n              <option value=\"MY\">\n          Malaysia        <\/option>\n              <option value=\"MV\">\n          Maldive        <\/option>\n              <option value=\"ML\">\n          Mali        <\/option>\n              <option value=\"MT\">\n          Malta        <\/option>\n              <option value=\"MA\">\n          Marocco        <\/option>\n              <option value=\"MQ\">\n          Martinica        <\/option>\n              <option value=\"MR\">\n          Mauritania        <\/option>\n              <option value=\"MU\">\n          Mauritius        <\/option>\n              <option value=\"YT\">\n          Mayotte        <\/option>\n              <option value=\"MX\">\n          Messico        <\/option>\n              <option value=\"FM\">\n          Micronesia        <\/option>\n              <option value=\"MD\">\n          Moldavia        <\/option>\n              <option value=\"MC\">\n          Monaco        <\/option>\n              <option value=\"MN\">\n          Mongolia        <\/option>\n              <option value=\"ME\">\n          Montenegro        <\/option>\n              <option value=\"MS\">\n          Montserrat        <\/option>\n              <option value=\"MZ\">\n          Mozambico        <\/option>\n              <option value=\"NA\">\n          Namibia        <\/option>\n              <option value=\"NR\">\n          Nauru        <\/option>\n              <option value=\"NP\">\n          Nepal        <\/option>\n              <option value=\"NI\">\n          Nicaragua        <\/option>\n              <option value=\"NE\">\n          Niger        <\/option>\n              <option value=\"NG\">\n          Nigeria        <\/option>\n              <option value=\"NU\">\n          Niue        <\/option>\n              <option value=\"MP\">\n          Northern Mariana Islands        <\/option>\n              <option value=\"NO\">\n          Norvegia        <\/option>\n              <option value=\"NC\">\n          Nuova Caledonia        <\/option>\n              <option value=\"NZ\">\n          Nuova Zelanda        <\/option>\n              <option value=\"OM\">\n          Oman        <\/option>\n              <option value=\"NL\">\n          Paesi Bassi        <\/option>\n              <option value=\"PK\">\n          Pakistan        <\/option>\n              <option value=\"PA\">\n          Panama        <\/option>\n              <option value=\"PG\">\n          Papua Nuova Guinea        <\/option>\n              <option value=\"PY\">\n          Paraguay        <\/option>\n              <option value=\"PE\">\n          Per\u00f9        <\/option>\n              <option value=\"PN\">\n          Pitcairn        <\/option>\n              <option value=\"PF\">\n          Polinesia Francese        <\/option>\n              <option value=\"PL\">\n          Polonia        <\/option>\n              <option value=\"PT\">\n          Portogallo        <\/option>\n              <option value=\"PR\">\n          Puerto Rico        <\/option>\n              <option value=\"QA\">\n          Qatar        <\/option>\n              <option value=\"GB\">\n          Regno Unito (UK)        <\/option>\n              <option value=\"CZ\">\n          Repubblica Ceca        <\/option>\n              <option value=\"CF\">\n          Repubblica Centrafricana        <\/option>\n              <option value=\"DO\">\n          Repubblica Dominicana        <\/option>\n              <option value=\"RE\">\n          Reunion        <\/option>\n              <option value=\"RO\">\n          Romania        <\/option>\n              <option value=\"RU\">\n          Russia        <\/option>\n              <option value=\"RW\">\n          Rwanda        <\/option>\n              <option value=\"EH\">\n          Sahara Occidentale        <\/option>\n              <option value=\"SH\">\n          Saint Helena        <\/option>\n              <option value=\"KN\">\n          Saint Kitts e Nevis        <\/option>\n              <option value=\"LC\">\n          Saint Lucia        <\/option>\n              <option value=\"MF\">\n          Saint Martin (Francia)        <\/option>\n              <option value=\"SX\">\n          Saint Martin (Paesi Bassi)        <\/option>\n              <option value=\"VC\">\n          Saint Vincent e Grenadine        <\/option>\n              <option value=\"BL\">\n          Saint-Barth\u00e9lemy        <\/option>\n              <option value=\"PM\">\n          Saint-Pierre e Miquelon        <\/option>\n              <option value=\"WS\">\n          Samoa        <\/option>\n              <option value=\"SM\">\n          San Marino        <\/option>\n              <option value=\"ST\">\n          S\u00e3o Tom\u00e9 e Pr\u00edncipe        <\/option>\n              <option value=\"SN\">\n          Senegal        <\/option>\n              <option value=\"RS\">\n          Serbia        <\/option>\n              <option value=\"SC\">\n          Seychelles        <\/option>\n              <option value=\"SL\">\n          Sierra Leone        <\/option>\n              <option value=\"SG\">\n          Singapore        <\/option>\n              <option value=\"SY\">\n          Siria        <\/option>\n              <option value=\"SK\">\n          Slovacchia        <\/option>\n              <option value=\"SI\">\n          Slovenia        <\/option>\n              <option value=\"SO\">\n          Somalia        <\/option>\n              <option value=\"GS\">\n          South Georgia\/Sandwich Islands        <\/option>\n              <option value=\"ES\">\n          Spagna        <\/option>\n              <option value=\"LK\">\n          Sri Lanka        <\/option>\n              <option value=\"US\">\n          Stati Uniti (US)        <\/option>\n              <option value=\"UM\">\n          Stati Uniti (US) Isole Minori        <\/option>\n              <option value=\"ZA\">\n          Sud Africa        <\/option>\n              <option value=\"SD\">\n          Sudan        <\/option>\n              <option value=\"SS\">\n          Sudan del Sud        <\/option>\n              <option value=\"SR\">\n          Suriname        <\/option>\n              <option value=\"SJ\">\n          Svalbard e Jan Mayen        <\/option>\n              <option value=\"SE\">\n          Svezia        <\/option>\n              <option value=\"CH\">\n          Svizzera        <\/option>\n              <option value=\"TJ\">\n          Tagikistan        <\/option>\n              <option value=\"TH\">\n          Tailandia        <\/option>\n              <option value=\"TW\">\n          Taiwan        <\/option>\n              <option value=\"TZ\">\n          Tanzania        <\/option>\n              <option value=\"TF\">\n          Terre Australi e Antartiche Francesi        <\/option>\n              <option value=\"PS\">\n          Territori palestinesi        <\/option>\n              <option value=\"IO\">\n          Territorio Britannico dell&#039;Oceano Indiano        <\/option>\n              <option value=\"TL\">\n          Timor Est        <\/option>\n              <option value=\"TG\">\n          Togo        <\/option>\n              <option value=\"TK\">\n          Tokelau        <\/option>\n              <option value=\"TO\">\n          Tonga        <\/option>\n              <option value=\"TT\">\n          Trinidad e Tobago        <\/option>\n              <option value=\"TN\">\n          Tunisia        <\/option>\n              <option value=\"TR\">\n          Turchia        <\/option>\n              <option value=\"TM\">\n          Turkmenistan        <\/option>\n              <option value=\"TC\">\n          Turks e Caicos        <\/option>\n              <option value=\"TV\">\n          Tuvalu        <\/option>\n              <option value=\"UA\">\n          Ucraina        <\/option>\n              <option value=\"UG\">\n          Uganda        <\/option>\n              <option value=\"HU\">\n          Ungheria        <\/option>\n              <option value=\"UY\">\n          Uruguay        <\/option>\n              <option value=\"UZ\">\n          Uzbekistan        <\/option>\n              <option value=\"VU\">\n          Vanuatu        <\/option>\n              <option value=\"VA\">\n          Vaticano        <\/option>\n              <option value=\"VE\">\n          Venezuela        <\/option>\n              <option value=\"VN\">\n          Vietnam        <\/option>\n              <option value=\"WF\">\n          Wallis e Futuna        <\/option>\n              <option value=\"YE\">\n          Yemen        <\/option>\n              <option value=\"ZM\">\n          Zambia        <\/option>\n              <option value=\"ZW\">\n          Zimbabwe        <\/option>\n          <\/select>\n  <\/p>\n\n  <p>\n    <label>Come promuoverai Blogs AI?<\/label><br>\n    <textarea\n      name=\"promotion_channel\"\n      rows=\"4\"\n      required\n      placeholder=\"Website, blog, YouTube, social networks, email list\u2026\"\n      style=\"width:100%\"\n    ><\/textarea>\n  <\/p>\n\n\n\n    <h3>Pagamento<\/h3>\n    <input type=\"text\" name=\"iban\" placeholder=\"IBAN\" required \/>\n\n\n        <p>\n  <label>\n    <input type=\"checkbox\" name=\"accept_terms\" required \/>\n    \n          <a href=\"https:\/\/wpblogs.ai\/affiliate-terms-and-conditions\/\" target=\"_blank\" rel=\"noopener\">\n        Accetto i termini e le condizioni      <\/a>\n      <\/label>\n<\/p>\n\n\n    <button type=\"submit\" name=\"baa_create_affiliate\" class=\"elementor-button\">\n      Crea account affiliato    <\/button>\n  <\/form>\n\n\n  <script>\n  document.addEventListener('DOMContentLoaded', function () {\n    const form = document.getElementById('baa-create-affiliate-form');\n    if (!form) return;\n\n    form.addEventListener('submit', function (e) {\n      let errors = [];\n\n      const email = form.querySelector('[name=\"email\"]')?.value.trim();\n     const iban  = (form.querySelector('[name=\"iban\"]')?.value || '').replace(\/[\\s\\u00A0]\/g, '').toUpperCase();\n\n\n      if (!email) {\n        errors.push('Email is required.');\n      }\n\n      if (!baaValidateIBAN(iban)) {\n        errors.push('IBAN non valido.');\n      }\n\n\n      if (errors.length) {\n        e.preventDefault();\n        alert(errors.join(\"\\\\n\"));\n      }\n    });\n  });\n  <\/script>\n\n  \n","protected":false},"excerpt":{"rendered":"","protected":false},"author":11,"featured_media":0,"parent":0,"menu_order":0,"comment_status":"closed","ping_status":"closed","template":"","meta":{"_acf_changed":false,"footnotes":""},"class_list":["post-3839","page","type-page","status-publish","hentry"],"acf":[],"_links":{"self":[{"href":"https:\/\/wpblogs.ai\/it\/wp-json\/wp\/v2\/pages\/3839","targetHints":{"allow":["GET"]}}],"collection":[{"href":"https:\/\/wpblogs.ai\/it\/wp-json\/wp\/v2\/pages"}],"about":[{"href":"https:\/\/wpblogs.ai\/it\/wp-json\/wp\/v2\/types\/page"}],"author":[{"embeddable":true,"href":"https:\/\/wpblogs.ai\/it\/wp-json\/wp\/v2\/users\/11"}],"replies":[{"embeddable":true,"href":"https:\/\/wpblogs.ai\/it\/wp-json\/wp\/v2\/comments?post=3839"}],"version-history":[{"count":1,"href":"https:\/\/wpblogs.ai\/it\/wp-json\/wp\/v2\/pages\/3839\/revisions"}],"predecessor-version":[{"id":3851,"href":"https:\/\/wpblogs.ai\/it\/wp-json\/wp\/v2\/pages\/3839\/revisions\/3851"}],"wp:attachment":[{"href":"https:\/\/wpblogs.ai\/it\/wp-json\/wp\/v2\/media?parent=3839"}],"curies":[{"name":"wp","href":"https:\/\/api.w.org\/{rel}","templated":true}]}}