{"id":3840,"date":"2026-02-05T13:45:29","date_gmt":"2026-02-05T13:45:29","guid":{"rendered":"https:\/\/wpblogs.ai\/novo-afiliado\/"},"modified":"2026-02-06T16:36:22","modified_gmt":"2026-02-06T16:36:22","slug":"novo-afiliado","status":"publish","type":"page","link":"https:\/\/wpblogs.ai\/pt-pt\/novo-afiliado\/","title":{"rendered":"Form afiliado"},"content":{"rendered":"  <h2>Torne-se um afiliado<\/h2>\n\n  <form method=\"post\" id=\"baa-create-affiliate-form\">\n\n    <input type=\"hidden\" id=\"baa_nonce\" name=\"baa_nonce\" value=\"9e884a1fa1\" \/><input type=\"hidden\" name=\"_wp_http_referer\" value=\"\/pt-pt\/wp-json\/wp\/v2\/pages\/3840\" \/>\n    <h3>Conta<\/h3>\n    <input type=\"email\" name=\"email\" placeholder=\"Email\" required \/>\n    <input type=\"password\" name=\"password\" placeholder=\"Password\" required \/>\n\n    <h3>Dados pessoais<\/h3>\n  <input type=\"text\" name=\"company\" placeholder=\"Empresa\" \/>\n  <input type=\"text\" name=\"first_name\" placeholder=\"Nome pr\u00f3prio\" required \/>\n  <input type=\"text\" name=\"last_name\" placeholder=\"Apelido\" required \/>\n  <input type=\"text\" name=\"address\" placeholder=\"Morada\" \/>\n  <input type=\"text\" name=\"postcode\" placeholder=\"C\u00f3digo postal\" \/>\n  <input type=\"text\" name=\"city\" placeholder=\"Cidade\" \/>\n\n\n\n  \n  <h3>Detalhes de promo\u00e7\u00e3o<\/h3>\n\n  <p>\n    <label>Country<\/label><br>\n    <select name=\"country\" required style=\"width:100%\">\n              <option value=\"AF\">\n          Afeganist\u00e3o        <\/option>\n              <option value=\"ZA\">\n          \u00c1frica do Sul        <\/option>\n              <option value=\"AX\">\n          \u00c5land Islands        <\/option>\n              <option value=\"AL\">\n          Alb\u00e2nia        <\/option>\n              <option value=\"DE\">\n          Alemanha        <\/option>\n              <option value=\"AD\">\n          Andorra        <\/option>\n              <option value=\"AO\">\n          Angola        <\/option>\n              <option value=\"AI\">\n          Anguila        <\/option>\n              <option value=\"AQ\">\n          Ant\u00e1rctida        <\/option>\n              <option value=\"AG\">\n          Ant\u00edgua e Barbuda        <\/option>\n              <option value=\"SA\">\n          Ar\u00e1bia Saudita        <\/option>\n              <option value=\"DZ\">\n          Arg\u00e9lia        <\/option>\n              <option value=\"AR\">\n          Argentina        <\/option>\n              <option value=\"AM\">\n          Arm\u00e9nia        <\/option>\n              <option value=\"AW\">\n          Aruba        <\/option>\n              <option value=\"AU\">\n          Austr\u00e1lia        <\/option>\n              <option value=\"AT\">\n          \u00c1ustria        <\/option>\n              <option value=\"AZ\">\n          Azerbaij\u00e3o        <\/option>\n              <option value=\"BS\">\n          Bahamas        <\/option>\n              <option value=\"BH\">\n          Bahrein        <\/option>\n              <option value=\"BD\">\n          Bangladesh        <\/option>\n              <option value=\"BB\">\n          Barbados        <\/option>\n              <option value=\"PW\">\n          Belau        <\/option>\n              <option value=\"BE\">\n          B\u00e9lgica        <\/option>\n              <option value=\"BZ\">\n          Belize        <\/option>\n              <option value=\"BJ\">\n          Benim        <\/option>\n              <option value=\"BM\">\n          Bermudas        <\/option>\n              <option value=\"BY\">\n          Bielorr\u00fassia        <\/option>\n              <option value=\"BO\">\n          Bol\u00edvia        <\/option>\n              <option value=\"BQ\">\n          Bonaire, Saint Eustatius e Saba        <\/option>\n              <option value=\"BA\">\n          B\u00f3snia e Herzegovina        <\/option>\n              <option value=\"BW\">\n          Botsuana        <\/option>\n              <option value=\"BR\">\n          Brasil        <\/option>\n              <option value=\"BN\">\n          Brunei        <\/option>\n              <option value=\"BG\">\n          Bulg\u00e1ria        <\/option>\n              <option value=\"BF\">\n          Burquina Faso        <\/option>\n              <option value=\"BI\">\n          Burundi        <\/option>\n              <option value=\"BT\">\n          But\u00e3o        <\/option>\n              <option value=\"CV\">\n          Cabo Verde        <\/option>\n              <option value=\"CM\">\n          Camar\u00f5es        <\/option>\n              <option value=\"KH\">\n          Camboja        <\/option>\n              <option value=\"CA\">\n          Canad\u00e1        <\/option>\n              <option value=\"QA\">\n          Catar        <\/option>\n              <option value=\"KZ\">\n          Cazaquist\u00e3o        <\/option>\n              <option value=\"TD\">\n          Chade        <\/option>\n              <option value=\"CZ\">\n          Ch\u00e9quia        <\/option>\n              <option value=\"CL\">\n          Chile        <\/option>\n              <option value=\"CN\">\n          China        <\/option>\n              <option value=\"CY\">\n          Chipre        <\/option>\n              <option value=\"CO\">\n          Col\u00f4mbia        <\/option>\n              <option value=\"KM\">\n          Comores        <\/option>\n              <option value=\"MP\">\n          Comunidade das Ilhas Marianas Setentrionais        <\/option>\n              <option value=\"CG\">\n          Congo (Brazzaville)        <\/option>\n              <option value=\"CD\">\n          Congo (Kinshasa)        <\/option>\n              <option value=\"KP\">\n          Coreia do Norte        <\/option>\n              <option value=\"KR\">\n          Coreia do Sul        <\/option>\n              <option value=\"CI\">\n          Costa do Marfim        <\/option>\n              <option value=\"CR\">\n          Costa Rica        <\/option>\n              <option value=\"HR\">\n          Cro\u00e1cia        <\/option>\n              <option value=\"CU\">\n          Cuba        <\/option>\n              <option value=\"CW\">\n          Cura&ccedil;ao        <\/option>\n              <option value=\"DK\">\n          Dinamarca        <\/option>\n              <option value=\"DM\">\n          Dom\u00ednica        <\/option>\n              <option value=\"EG\">\n          Egito        <\/option>\n              <option value=\"AE\">\n          Emirados \u00c1rabes Unidos        <\/option>\n              <option value=\"EC\">\n          Equador        <\/option>\n              <option value=\"ER\">\n          Eritreia        <\/option>\n              <option value=\"SK\">\n          Eslov\u00e1quia        <\/option>\n              <option value=\"SI\">\n          Eslov\u00e9nia        <\/option>\n              <option value=\"ES\">\n          Espanha        <\/option>\n              <option value=\"US\">\n          Estados Unidos (US)        <\/option>\n              <option value=\"EE\">\n          Est\u00f3nia        <\/option>\n              <option value=\"SZ\">\n          Eswatini        <\/option>\n              <option value=\"ET\">\n          Eti\u00f3pia        <\/option>\n              <option value=\"FO\">\n          Faro\u00e9        <\/option>\n              <option value=\"FJ\">\n          Fiji        <\/option>\n              <option value=\"PH\">\n          Filipinas        <\/option>\n              <option value=\"FI\">\n          Finl\u00e2ndia        <\/option>\n              <option value=\"FR\">\n          Fran\u00e7a        <\/option>\n              <option value=\"GA\">\n          Gab\u00e3o        <\/option>\n              <option value=\"GM\">\n          G\u00e2mbia        <\/option>\n              <option value=\"GH\">\n          Gana        <\/option>\n              <option value=\"GE\">\n          Ge\u00f3rgia        <\/option>\n              <option value=\"GI\">\n          Gibraltar        <\/option>\n              <option value=\"GD\">\n          Granada        <\/option>\n              <option value=\"GR\">\n          Gr\u00e9cia        <\/option>\n              <option value=\"GL\">\n          Gronel\u00e2ndia        <\/option>\n              <option value=\"GP\">\n          Guadalupe        <\/option>\n              <option value=\"GU\">\n          Guam        <\/option>\n              <option value=\"GT\">\n          Guatemala        <\/option>\n              <option value=\"GG\">\n          Guernesey        <\/option>\n              <option value=\"GY\">\n          Guiana        <\/option>\n              <option value=\"GF\">\n          Guiana Francesa        <\/option>\n              <option value=\"GN\">\n          Guin\u00e9        <\/option>\n              <option value=\"GQ\">\n          Guin\u00e9 Equatorial        <\/option>\n              <option value=\"GW\">\n          Guin\u00e9-Bissau        <\/option>\n              <option value=\"HT\">\n          Haiti        <\/option>\n              <option value=\"HN\">\n          Honduras        <\/option>\n              <option value=\"HK\">\n          Hong Kong        <\/option>\n              <option value=\"HU\">\n          Hungria        <\/option>\n              <option value=\"YE\">\n          I\u00e9men        <\/option>\n              <option value=\"BV\">\n          Ilha Bouvet        <\/option>\n              <option value=\"IM\">\n          Ilha de Man        <\/option>\n              <option value=\"CX\">\n          Ilha do Natal        <\/option>\n              <option value=\"HM\">\n          Ilha Heard e Ilhas McDonald        <\/option>\n              <option value=\"NF\">\n          Ilha Norfolk        <\/option>\n              <option value=\"KY\">\n          Ilhas Caim\u00e3o        <\/option>\n              <option value=\"CK\">\n          Ilhas Cook        <\/option>\n              <option value=\"CC\">\n          Ilhas dos Cocos        <\/option>\n              <option value=\"FK\">\n          Ilhas Falkland        <\/option>\n              <option value=\"GS\">\n          Ilhas Ge\u00f3rgia do Sul e Sandwich do Sul        <\/option>\n              <option value=\"MH\">\n          Ilhas Marshall        <\/option>\n              <option value=\"UM\">\n          Ilhas Menores Distantes dos Estados Unidos        <\/option>\n              <option value=\"PN\">\n          Ilhas Pitcairn        <\/option>\n              <option value=\"SB\">\n          Ilhas Salom\u00e3o        <\/option>\n              <option value=\"TC\">\n          Ilhas Turcas e Caicos        <\/option>\n              <option value=\"IN\">\n          \u00cdndia        <\/option>\n              <option value=\"ID\">\n          Indon\u00e9sia        <\/option>\n              <option value=\"IR\">\n          Ir\u00e3o        <\/option>\n              <option value=\"IQ\">\n          Iraque        <\/option>\n              <option value=\"IE\">\n          Irlanda        <\/option>\n              <option value=\"IS\">\n          Isl\u00e2ndia        <\/option>\n              <option value=\"IL\">\n          Israel        <\/option>\n              <option value=\"IT\">\n          It\u00e1lia        <\/option>\n              <option value=\"JM\">\n          Jamaica        <\/option>\n              <option value=\"JP\">\n          Jap\u00e3o        <\/option>\n              <option value=\"JE\">\n          Jersey        <\/option>\n              <option value=\"DJ\">\n          Jibuti        <\/option>\n              <option value=\"JO\">\n          Jord\u00e2nia        <\/option>\n              <option value=\"XK\">\n          Kosovo        <\/option>\n              <option value=\"KW\">\n          Koweit        <\/option>\n              <option value=\"LA\">\n          Laos        <\/option>\n              <option value=\"LS\">\n          Lesoto        <\/option>\n              <option value=\"LV\">\n          Let\u00f3nia        <\/option>\n              <option value=\"LB\">\n          L\u00edbano        <\/option>\n              <option value=\"LR\">\n          Lib\u00e9ria        <\/option>\n              <option value=\"LY\">\n          L\u00edbia        <\/option>\n              <option value=\"LI\">\n          Listenstaine        <\/option>\n              <option value=\"LT\">\n          Litu\u00e2nia        <\/option>\n              <option value=\"LU\">\n          Luxemburgo        <\/option>\n              <option value=\"MO\">\n          Macau        <\/option>\n              <option value=\"MG\">\n          Madag\u00e1scar        <\/option>\n              <option value=\"YT\">\n          Maiote        <\/option>\n              <option value=\"MY\">\n          Mal\u00e1sia        <\/option>\n              <option value=\"MW\">\n          Mal\u00e1ui        <\/option>\n              <option value=\"MV\">\n          Maldivas        <\/option>\n              <option value=\"ML\">\n          Mali        <\/option>\n              <option value=\"MT\">\n          Malta        <\/option>\n              <option value=\"MA\">\n          Marrocos        <\/option>\n              <option value=\"MQ\">\n          Martinica        <\/option>\n              <option value=\"MU\">\n          Maur\u00edcia        <\/option>\n              <option value=\"MR\">\n          Maurit\u00e2nia        <\/option>\n              <option value=\"MX\">\n          M\u00e9xico        <\/option>\n              <option value=\"MM\">\n          Mianmar\/Birm\u00e2nia        <\/option>\n              <option value=\"FM\">\n          Micron\u00e9sia        <\/option>\n              <option value=\"MZ\">\n          Mo\u00e7ambique        <\/option>\n              <option value=\"MD\">\n          Mold\u00e1via        <\/option>\n              <option value=\"MC\">\n          M\u00f3naco        <\/option>\n              <option value=\"MN\">\n          Mong\u00f3lia        <\/option>\n              <option value=\"MS\">\n          Monserrate        <\/option>\n              <option value=\"ME\">\n          Montenegro        <\/option>\n              <option value=\"NA\">\n          Nam\u00edbia        <\/option>\n              <option value=\"NR\">\n          Nauru        <\/option>\n              <option value=\"NP\">\n          Nepal        <\/option>\n              <option value=\"NI\">\n          Nicar\u00e1gua        <\/option>\n              <option value=\"NE\">\n          N\u00edger        <\/option>\n              <option value=\"NG\">\n          Nig\u00e9ria        <\/option>\n              <option value=\"NU\">\n          Niu\u00ea        <\/option>\n              <option value=\"MK\">\n          North Macedonia        <\/option>\n              <option value=\"NO\">\n          Noruega        <\/option>\n              <option value=\"NC\">\n          Nova Caled\u00f3nia        <\/option>\n              <option value=\"NZ\">\n          Nova Zel\u00e2ndia        <\/option>\n              <option value=\"OM\">\n          Om\u00e3        <\/option>\n              <option value=\"NL\">\n          Pa\u00edses Baixos        <\/option>\n              <option value=\"PA\">\n          Panam\u00e1        <\/option>\n              <option value=\"PG\">\n          Papua-Nova Guin\u00e9        <\/option>\n              <option value=\"PK\">\n          Paquist\u00e3o        <\/option>\n              <option value=\"PY\">\n          Paraguai        <\/option>\n              <option value=\"PE\">\n          Peru        <\/option>\n              <option value=\"PF\">\n          Polin\u00e9sia Francesa        <\/option>\n              <option value=\"PL\">\n          Pol\u00f3nia        <\/option>\n              <option value=\"PR\">\n          Porto Rico        <\/option>\n              <option value=\"PT\">\n          Portugal        <\/option>\n              <option value=\"KE\">\n          Qu\u00e9nia        <\/option>\n              <option value=\"KG\">\n          Quirguist\u00e3o        <\/option>\n              <option value=\"KI\">\n          Quirib\u00e1ti        <\/option>\n              <option value=\"GB\">\n          Reino Unido (UK)        <\/option>\n              <option value=\"CF\">\n          Rep\u00fablica Centro-Africana        <\/option>\n              <option value=\"DO\">\n          Rep\u00fablica Dominicana        <\/option>\n              <option value=\"RE\">\n          Reuni\u00e3o        <\/option>\n              <option value=\"RO\">\n          Rom\u00e9nia        <\/option>\n              <option value=\"RW\">\n          Ruanda        <\/option>\n              <option value=\"RU\">\n          R\u00fassia        <\/option>\n              <option value=\"ST\">\n          S&atilde;o Tom&eacute; e Pr&iacute;ncipe        <\/option>\n              <option value=\"SV\">\n          Salvador        <\/option>\n              <option value=\"WS\">\n          Samoa        <\/option>\n              <option value=\"AS\">\n          Samoa Americana        <\/option>\n              <option value=\"SH\">\n          Santa Helena        <\/option>\n              <option value=\"LC\">\n          Santa L\u00facia        <\/option>\n              <option value=\"BL\">\n          S\u00e3o Bartolomeu        <\/option>\n              <option value=\"KN\">\n          S\u00e3o Crist\u00f3v\u00e3o e Neves        <\/option>\n              <option value=\"SM\">\n          S\u00e3o Marinho        <\/option>\n              <option value=\"MF\">\n          S\u00e3o Martinho        <\/option>\n              <option value=\"SX\">\n          S\u00e3o Martinho (Antilhas Holandesas)        <\/option>\n              <option value=\"PM\">\n          S\u00e3o Pedro e Miquel\u00e3o        <\/option>\n              <option value=\"VC\">\n          S\u00e3o Vicente e Granadinas        <\/option>\n              <option value=\"EH\">\n          Sara Ocidental        <\/option>\n              <option value=\"SC\">\n          Seicheles        <\/option>\n              <option value=\"SN\">\n          Senegal        <\/option>\n              <option value=\"SL\">\n          Serra Leoa        <\/option>\n              <option value=\"RS\">\n          S\u00e9rvia        <\/option>\n              <option value=\"SG\">\n          Singapura        <\/option>\n              <option value=\"SY\">\n          S\u00edria        <\/option>\n              <option value=\"SO\">\n          Som\u00e1lia        <\/option>\n              <option value=\"LK\">\n          Sri Lanca        <\/option>\n              <option value=\"SD\">\n          Sud\u00e3o        <\/option>\n              <option value=\"SS\">\n          Sud\u00e3o do Sul        <\/option>\n              <option value=\"SE\">\n          Su\u00e9cia        <\/option>\n              <option value=\"CH\">\n          Su\u00ed\u00e7a        <\/option>\n              <option value=\"SR\">\n          Suriname        <\/option>\n              <option value=\"SJ\">\n          Svalbard e Jan Mayen        <\/option>\n              <option value=\"TH\">\n          Tail\u00e2ndia        <\/option>\n              <option value=\"TW\">\n          Taiwan        <\/option>\n              <option value=\"TJ\">\n          Tajiquist\u00e3o        <\/option>\n              <option value=\"TZ\">\n          Tanz\u00e2nia        <\/option>\n              <option value=\"TF\">\n          Terras Austrais e Ant\u00e1rticas Francesas        <\/option>\n              <option value=\"IO\">\n          Territ\u00f3rio Brit\u00e2nico do Oceano \u00cdndico        <\/option>\n              <option value=\"PS\">\n          Territ\u00f3rio Palestiniano        <\/option>\n              <option value=\"TL\">\n          Timor-Leste        <\/option>\n              <option value=\"TG\">\n          Togo        <\/option>\n              <option value=\"TO\">\n          Tonga        <\/option>\n              <option value=\"TK\">\n          Toquelau        <\/option>\n              <option value=\"TT\">\n          Trindade e Tobago        <\/option>\n              <option value=\"TN\">\n          Tun\u00edsia        <\/option>\n              <option value=\"TR\">\n          T\u00fcrkiye        <\/option>\n              <option value=\"TM\">\n          Turquemenist\u00e3o        <\/option>\n              <option value=\"TV\">\n          Tuvalu        <\/option>\n              <option value=\"UA\">\n          Ucr\u00e2nia        <\/option>\n              <option value=\"UG\">\n          Uganda        <\/option>\n              <option value=\"UY\">\n          Uruguai        <\/option>\n              <option value=\"UZ\">\n          Usbequist\u00e3o        <\/option>\n              <option value=\"VU\">\n          Vanuatu        <\/option>\n              <option value=\"VA\">\n          Vaticano        <\/option>\n              <option value=\"VE\">\n          Venezuela        <\/option>\n              <option value=\"VN\">\n          Vietname        <\/option>\n              <option value=\"VG\">\n          Virgin Islands (British)        <\/option>\n              <option value=\"VI\">\n          Virgin Islands (US)        <\/option>\n              <option value=\"WF\">\n          Wallis e Futuna        <\/option>\n              <option value=\"ZM\">\n          Z\u00e2mbia        <\/option>\n              <option value=\"ZW\">\n          Zimbabu\u00e9        <\/option>\n          <\/select>\n  <\/p>\n\n  <p>\n    <label>Como vai promover o Blogs AI?<\/label><br>\n    <textarea\n      name=\"promotion_channel\"\n      rows=\"4\"\n      required\n      placeholder=\"Website, blog, YouTube, social networks, email list\u2026\"\n      style=\"width:100%\"\n    ><\/textarea>\n  <\/p>\n\n\n\n    <h3>Pagamento<\/h3>\n    <input type=\"text\" name=\"iban\" placeholder=\"IBAN\" required \/>\n\n\n        <p>\n  <label>\n    <input type=\"checkbox\" name=\"accept_terms\" required \/>\n    \n          <a href=\"https:\/\/wpblogs.ai\/affiliate-terms-and-conditions\/\" target=\"_blank\" rel=\"noopener\">\n        Aceito os termos e condi\u00e7\u00f5es      <\/a>\n      <\/label>\n<\/p>\n\n\n    <button type=\"submit\" name=\"baa_create_affiliate\" class=\"elementor-button\">\n      Criar conta de afiliado    <\/button>\n  <\/form>\n\n\n  <script>\n  document.addEventListener('DOMContentLoaded', function () {\n    const form = document.getElementById('baa-create-affiliate-form');\n    if (!form) return;\n\n    form.addEventListener('submit', function (e) {\n      let errors = [];\n\n      const email = form.querySelector('[name=\"email\"]')?.value.trim();\n     const iban  = (form.querySelector('[name=\"iban\"]')?.value || '').replace(\/[\\s\\u00A0]\/g, '').toUpperCase();\n\n\n      if (!email) {\n        errors.push('Email is required.');\n      }\n\n      if (!baaValidateIBAN(iban)) {\n        errors.push('IBAN inv\u00e1lido.');\n      }\n\n\n      if (errors.length) {\n        e.preventDefault();\n        alert(errors.join(\"\\\\n\"));\n      }\n    });\n  });\n  <\/script>\n\n  \n","protected":false},"excerpt":{"rendered":"","protected":false},"author":11,"featured_media":0,"parent":0,"menu_order":0,"comment_status":"closed","ping_status":"closed","template":"","meta":{"_acf_changed":false,"footnotes":""},"class_list":["post-3840","page","type-page","status-publish","hentry"],"acf":[],"_links":{"self":[{"href":"https:\/\/wpblogs.ai\/pt-pt\/wp-json\/wp\/v2\/pages\/3840","targetHints":{"allow":["GET"]}}],"collection":[{"href":"https:\/\/wpblogs.ai\/pt-pt\/wp-json\/wp\/v2\/pages"}],"about":[{"href":"https:\/\/wpblogs.ai\/pt-pt\/wp-json\/wp\/v2\/types\/page"}],"author":[{"embeddable":true,"href":"https:\/\/wpblogs.ai\/pt-pt\/wp-json\/wp\/v2\/users\/11"}],"replies":[{"embeddable":true,"href":"https:\/\/wpblogs.ai\/pt-pt\/wp-json\/wp\/v2\/comments?post=3840"}],"version-history":[{"count":1,"href":"https:\/\/wpblogs.ai\/pt-pt\/wp-json\/wp\/v2\/pages\/3840\/revisions"}],"predecessor-version":[{"id":3852,"href":"https:\/\/wpblogs.ai\/pt-pt\/wp-json\/wp\/v2\/pages\/3840\/revisions\/3852"}],"wp:attachment":[{"href":"https:\/\/wpblogs.ai\/pt-pt\/wp-json\/wp\/v2\/media?parent=3840"}],"curies":[{"name":"wp","href":"https:\/\/api.w.org\/{rel}","templated":true}]}}